{"id":2215,"date":"2021-05-05T14:27:44","date_gmt":"2021-05-05T12:27:44","guid":{"rendered":"https:\/\/xn--psychologischepraxis-andreasbche-0md.de\/?page_id=2215"},"modified":"2022-02-06T16:08:56","modified_gmt":"2022-02-06T14:08:56","slug":"paartherapie","status":"publish","type":"page","link":"https:\/\/psychologischepraxis-andreasbueche.de\/en\/paartherapie","title":{"rendered":"couples therapy"},"content":{"rendered":"<div class=\"fusion-fullwidth fullwidth-box fusion-builder-row-1 fusion-flex-container fusion-parallax-none nonhundred-percent-fullwidth non-hundred-percent-height-scrolling lazyload\" style=\"background-color: rgba(255,255,255,0);background-position: center center;background-repeat: no-repeat;border-width: 0px 0px 0px 0px;border-color:#e2e2e2;border-style:solid;-webkit-background-size:cover;-moz-background-size:cover;-o-background-size:cover;background-size:cover;\" data-bg=\"https:\/\/xn--psychologischepraxis-andreasbche-0md.de\/wp-content\/uploads\/2021\/05\/gruentextur-einzeltherapie-scaled.jpg\" ><div class=\"fusion-builder-row fusion-row fusion-flex-align-items-flex-start\" style=\"max-width:1248px;margin-left: calc(-4% \/ 2 );margin-right: calc(-4% \/ 2 );\"><div class=\"fusion-layout-column fusion_builder_column fusion-builder-column-0 fusion_builder_column_1_1 1_1 fusion-flex-column\"><div class=\"fusion-column-wrapper fusion-flex-justify-content-flex-start fusion-content-layout-column\" style=\"background-position:left top;background-repeat:no-repeat;-webkit-background-size:cover;-moz-background-size:cover;-o-background-size:cover;background-size:cover;padding: 0px 0px 0px 0px;\"><div class=\"fusion-text fusion-text-1\"><h1 style=\"text-align: center;\">couples therapy<\/h1>\n<\/div><div style=\"text-align:center;\"><style>.element-bottomshadow.imageframe-1:before, .element-bottomshadow.imageframe-1:after{-webkit-box-shadow: 0 17px 10px rgba(0,76,76,0.4);box-shadow: 0 17px 10px rgba(0,76,76,0.4);}.awb-image-frame.awb-image-frame-1{ margin-top : 40px;margin-bottom : 50px;}<\/style><div class=\"awb-image-frame awb-image-frame-1 imageframe-liftup fusion-image-frame-bottomshadow image-frame-shadow-1\"><span class=\"fusion-imageframe imageframe-bottomshadow imageframe-1 element-bottomshadow\"><img decoding=\"async\" width=\"551\" height=\"408\" title=\"Paarbaumneu\" src=\"https:\/\/psychologischepraxis-andreasbueche.de\/wp-content\/uploads\/2021\/05\/Paarbaumneu.jpg\" data-orig-src=\"https:\/\/xn--psychologischepraxis-andreasbche-0md.de\/wp-content\/uploads\/2021\/05\/Paarbaumneu.jpg\" alt class=\"lazyload img-responsive wp-image-2216\" srcset=\"data:image\/svg+xml,%3Csvg%20xmlns%3D%27http%3A%2F%2Fwww.w3.org%2F2000%2Fsvg%27%20width%3D%27551%27%20height%3D%27408%27%20viewBox%3D%270%200%20551%20408%27%3E%3Crect%20width%3D%27551%27%20height%3D%27408%27%20fill-opacity%3D%220%22%2F%3E%3C%2Fsvg%3E\" data-srcset=\"https:\/\/psychologischepraxis-andreasbueche.de\/wp-content\/uploads\/2021\/05\/Paarbaumneu-200x148.jpg 200w, https:\/\/psychologischepraxis-andreasbueche.de\/wp-content\/uploads\/2021\/05\/Paarbaumneu-400x296.jpg 400w, https:\/\/psychologischepraxis-andreasbueche.de\/wp-content\/uploads\/2021\/05\/Paarbaumneu.jpg 551w\" data-sizes=\"auto\" data-orig-sizes=\"(max-width: 641px) 100vw, 551px\" \/><\/span><\/div><\/div><div class=\"fusion-text fusion-text-2\" style=\"text-transform:none;\"><p style=\"text-align: center;\"><span style=\"font-size: 22px; font-family: 'Cormorant Garamond'; font-weight: bold;\" data-fusion-font=\"true\" data-fusion-google-font=\"Cormorant Garamond\" data-fusion-google-variant=\"700\">In der Arbeit mit Paaren geht es zuerst um die Herstellung von Gewahrsein f\u00fcr die Situation und den jeweils anderen, als Grundbedingung f\u00fcr die (Wieder-) Herstellung des Kontaktes zwischen den Partnern, der h\u00e4ufig verlorengegangen ist: man sieht den anderen nicht mehr wie er ist, es findet keine wirkliche Begegnung mehr statt, die Partner reagieren vorwiegend auf die wechselseitigen Zuschreibungen, die sich im Lauf der Zeit fixiert haben, die dann an Stelle der momentanen Wahrnehmung treten.<\/span><br \/>\n<span style=\"font-size: 22px; font-family: 'Cormorant Garamond'; font-weight: bold;\" data-fusion-font=\"true\" data-fusion-google-font=\"Cormorant Garamond\" data-fusion-google-variant=\"700\">Meine Aufgabe ist, Ihnen zu helfen, den Kontakt wieder herzustellen, die Mechanismen der Kontaktvermeidung bewusst zu machen und zu transzendieren, womit eine Dynamik in Gang gesetzt werden kann, in deren Verlauf die Selbstheilungskr\u00e4fte der Beziehung zum Tragen kommen.<\/span><\/p>\n<p><br class=\"clear\" \/><\/p>\n<\/div><\/div><style type=\"text\/css\">.fusion-body .fusion-builder-column-0{width:100% !important;margin-top : 0px;margin-bottom : 20px;}.fusion-builder-column-0 > .fusion-column-wrapper {padding-top : 0px !important;padding-right : 0px !important;margin-right : 1.92%;padding-bottom : 0px !important;padding-left : 0px !important;margin-left : 1.92%;}@media only screen and (max-width:1024px) {.fusion-body .fusion-builder-column-0{width:100% !important;order : 0;}.fusion-builder-column-0 > .fusion-column-wrapper {margin-right : 1.92%;margin-left : 1.92%;}}@media only screen and (max-width:641px) {.fusion-body .fusion-builder-column-0{width:100% !important;order : 0;}.fusion-builder-column-0 > .fusion-column-wrapper {margin-right : 1.92%;margin-left : 1.92%;}}<\/style><\/div><\/div><style type=\"text\/css\">.fusion-body .fusion-flex-container.fusion-builder-row-1{ padding-top : 15px;margin-top : 0px;padding-right : 0px;padding-bottom : 50px;margin-bottom : 0px;padding-left : 0px;}<\/style><\/div>","protected":false},"excerpt":{"rendered":"","protected":false},"author":2,"featured_media":0,"parent":0,"menu_order":0,"comment_status":"closed","ping_status":"closed","template":"100-width.php","meta":{"footnotes":""},"class_list":["post-2215","page","type-page","status-publish","hentry"],"_links":{"self":[{"href":"https:\/\/psychologischepraxis-andreasbueche.de\/en\/wp-json\/wp\/v2\/pages\/2215","targetHints":{"allow":["GET"]}}],"collection":[{"href":"https:\/\/psychologischepraxis-andreasbueche.de\/en\/wp-json\/wp\/v2\/pages"}],"about":[{"href":"https:\/\/psychologischepraxis-andreasbueche.de\/en\/wp-json\/wp\/v2\/types\/page"}],"author":[{"embeddable":true,"href":"https:\/\/psychologischepraxis-andreasbueche.de\/en\/wp-json\/wp\/v2\/users\/2"}],"replies":[{"embeddable":true,"href":"https:\/\/psychologischepraxis-andreasbueche.de\/en\/wp-json\/wp\/v2\/comments?post=2215"}],"version-history":[{"count":37,"href":"https:\/\/psychologischepraxis-andreasbueche.de\/en\/wp-json\/wp\/v2\/pages\/2215\/revisions"}],"predecessor-version":[{"id":4744,"href":"https:\/\/psychologischepraxis-andreasbueche.de\/en\/wp-json\/wp\/v2\/pages\/2215\/revisions\/4744"}],"wp:attachment":[{"href":"https:\/\/psychologischepraxis-andreasbueche.de\/en\/wp-json\/wp\/v2\/media?parent=2215"}],"curies":[{"name":"wp","href":"https:\/\/api.w.org\/{rel}","templated":true}]}}