{"id":2266,"date":"2021-06-14T21:09:34","date_gmt":"2021-06-14T19:09:34","guid":{"rendered":"https:\/\/xn--psychologischepraxis-andreasbche-0md.de\/?page_id=2266"},"modified":"2021-06-14T21:09:34","modified_gmt":"2021-06-14T19:09:34","slug":"agbs","status":"publish","type":"page","link":"https:\/\/psychologischepraxis-andreasbueche.de\/en\/agbs","title":{"rendered":"Terms and Conditions"},"content":{"rendered":"<div class=\"fusion-fullwidth fullwidth-box fusion-builder-row-1 fusion-flex-container nonhundred-percent-fullwidth non-hundred-percent-height-scrolling\" style=\"background-color: rgba(255,255,255,0);background-position: center center;background-repeat: no-repeat;border-width: 0px 0px 0px 0px;border-color:#e2e2e2;border-style:solid;\" ><div class=\"fusion-builder-row fusion-row fusion-flex-align-items-flex-start\" style=\"max-width:1248px;margin-left: calc(-4% \/ 2 );margin-right: calc(-4% \/ 2 );\"><div class=\"fusion-layout-column fusion_builder_column fusion-builder-column-0 fusion_builder_column_1_1 1_1 fusion-flex-column\"><div class=\"fusion-column-wrapper fusion-flex-justify-content-flex-start fusion-content-layout-column\" style=\"background-position:left top;background-repeat:no-repeat;-webkit-background-size:cover;-moz-background-size:cover;-o-background-size:cover;background-size:cover;padding: 0px 0px 0px 0px;\"><div class=\"fusion-text fusion-text-1\"><div class=\"document-page\" data-page=\"5\">\n<div class=\"pdf-page\">\n<div class=\"text-wrapper user-select-text\">\n<div data-canvas-width=\"11.893333333333334\">\n<p><span style=\"color: #000000;\"><span style=\"font-family: Arial, serif;\"><span style=\"font-size: medium;\"><b><br \/>Allgemeine Verkaufsbedingungen<br \/><\/b><\/span><\/span><\/span><\/p>\n<p><b>Geltungsbereich<br \/><\/b><\/p>\n<p><b><br \/><\/b>Diese Gesch\u00e4ftsbedingungen gelten f\u00fcr alle K\u00e4ufe bei <a href=\"https:\/\/xn--psychologischepraxis-andreasbche-0md.de\/impressum\">Psychologische Praxis Andreas B\u00fcche<\/a>, die von Privatkunden get\u00e4tigt werden.<\/p>\n<p>Privatkunden in diesem Sinne sind Personen mit Wohnsitz und Lieferadresse in der Bundesrepublik Deutschland, soweit die von ihnen bestellten Waren weder ihrer gewerblichen noch ihrer selbstst\u00e4ndigen beruflichen T\u00e4tigkeit zugerechnet werden k\u00f6nnen.<\/p>\n<p>Gesch\u00e4ftskunden werden gebeten, Bestellungen auf den \u00fcber den <a href=\"https:\/\/psychologischepraxis-andreasb\u00fcche.de\/mein-konto\" target=\"_blank\" rel=\"noopener noreferrer\">Gesch\u00e4ftskunden-Login<\/a> erreichbaren Bestellseiten zu t\u00e4tigen.<\/p>\n<p><b>Preise und Versandkosten<\/b><\/p>\n<p>Die ausgezeichneten Preise sind Endpreise inkl. Umsatzsteuer. Es gilt der Betrag, der jeweils zum Zeitpunkt der verbindlichen Bestellung ausgewiesen ist. Hinzu kommen Versandkosten, die von der Versandart und der Gr\u00f6\u00dfe und dem Gewicht der von Ihnen bestellten Ware(n) abh\u00e4ngig sind. \u00dcber die Einzelheiten k\u00f6nnen Sie sich <a href=\"https:\/\/xn--psychologischepraxis-andreasbche-0md.de\/impressum\">hier<\/a> informieren. Die regelm\u00e4\u00dfigen Kosten der R\u00fccksendung, die im Falle einer R\u00fcckgabe der Ware durch Sie in Aus\u00fcbung Ihres Widerrufsrechts entstehen, tragen wir. Bei Aus\u00fcbung Ihres Widerrufsrechts erstatten wir Ihnen auch die Versandkosten zur\u00fcck.<\/p>\n<p><b>Zahlung<\/b><\/p>\n<p><b><\/b>Die Bezahlung erfolgt bei Lieferung mittels<\/p>\n<p>&#8211; Vorkasse<\/p>\n<p>&#8211; Rechnung<\/p>\n<p>&#8211; PayPal<\/p>\n<p><b>Zahlungsverzug<br \/><\/b><\/p>\n<p><b><br \/><\/b>Kommen Sie in Zahlungsverzug, so ist <br \/>Psychologische Praxis Andreas B\u00fcche<br \/>berechtigt, Verzugszinsen in H\u00f6he von 5 Prozentpunkten \u00fcber dem von der Deutschen Bundesbank f\u00fcr den Zeitpunkt der Bestellung bekannt <br \/>gegebenen Basiszinssatz p.a. zu fordern. Falls <br \/>Psychologische Praxis Andreas B\u00fcche<br \/>ein h\u00f6herer Verzugsschaden nachweisbar entstanden ist, ist <br \/>Psychologische Praxis Andreas B\u00fcche<br \/>berechtigt, diesen geltend zu machen.<\/p>\n<p><b>Zur\u00fcckbehaltungsrecht<br \/><\/b><\/p>\n<p><b><br \/><\/b>Zur Aus\u00fcbung eines Zur\u00fcckbehaltungsrechts ist der Kunde nur insoweit befugt, als sein Gegenanspruch auf demselben Vertragsverh\u00e4ltnis beruht.<\/p>\n<p><b>Lieferung<br \/><\/b><\/p>\n<p><b><br \/><\/b>(1) Die Lieferung erfolgt an die vom Kunden angegebene Lieferanschrift, <br \/>innerhalb <br \/>von<\/p>\n<p>&#8211; Deutschland<\/p>\n<p>(2) Macht h\u00f6here Gewalt (Naturkatastrophen, Krieg, B\u00fcrgerkrieg, Terroranschlag) die Lieferung oder eine sonstige Leistung dauerhaft unm\u00f6glich, ist eine Leistungspflicht von <br \/>Psychologische Praxis Andreas B\u00fcche<br \/>ausgeschlossen. Bereits gezahlte Betr\u00e4ge werden von <br \/>Psychologische Praxis Andreas B\u00fcche<br \/>unverz\u00fcglich erstattet.<\/p>\n<p>(3) <br \/>Psychologische Praxis Andreas B\u00fcche<br \/>kann au\u00dferdem die Leistung verweigern, soweit diese einen Aufwand erfordert, der unter Beachtung des Inhalts des Kaufvertrages und der Gebote von Treu und Glauben in einem groben Missverh\u00e4ltnis zu dem Interesse des Kunden an der Erf\u00fcllung des Kaufvertrages steht. Bereits gezahlte Betr\u00e4ge werden von <br \/>Psychologische Praxis Andreas B\u00fcche<br \/>unverz\u00fcglich erstattet.<\/p>\n<p>(4) Sperrgut (Pakete mit einem gr\u00f6\u00dferen Volumen als 1 qm) werden in der Regel per Spedition geliefert. <br \/>Psychologische Praxis Andreas B\u00fcche<br \/>weist ausdr\u00fccklich darauf hin, dass diese Ware nicht ins Haus getragen wird.<\/p>\n<p><b>G\u00fcnstige Versandart bei R\u00fccksendung<br \/><\/b><\/p>\n<p><b><br \/><\/b>(1) Bitte verwenden Sie bei der R\u00fccksendung der Ware und des Zubeh\u00f6rs nach M\u00f6glichkeit die Originalverpackung, auch wenn diese durch eine \u00d6ffnung zur Funktionspr\u00fcfung besch\u00e4digt sein sollte.<\/p>\n<p>(2) Bitte verwenden Sie zur R\u00fccksendung den der Warenlieferung beigef\u00fcgten, vollst\u00e4ndig frankierten und adressierten R\u00fccksendeaufkleber. Es handelt sich dabei um die einfachste und kosteng\u00fcnstigste Versandm\u00f6glichkeit. Sie trifft keine Verpflichtung zur Verwendung dieses R\u00fccksendeverfahrens. Wenn Sie allerdings eine unn\u00f6tig teure Versandart w\u00e4hlen, k\u00f6nnen Sie unter Umst\u00e4nden verpflichtet sein, die gegen\u00fcber einer g\u00fcnstigen Versandart erh\u00f6hten Kosten an uns zu zahlen.<\/p>\n<p><b>M\u00e4ngelrechte<br \/><\/b><\/p>\n<p><b><br \/><\/b>(1) Ein bereits bei der Lieferung mangelhaftes Produkt (Gew\u00e4hrleistungsfall) wird <br \/>Psychologische Praxis Andreas B\u00fcche<br \/>nach Wahl des Kunden auf Kosten von <br \/>Psychologische Praxis Andreas B\u00fcche<br \/>durch <br \/>ein mangelfreies ersetzen<br \/>oder fachgerecht reparieren lassen (Nacherf\u00fcllung). Der Kunde wird darauf <br \/>hingewiesen, dass kein Gew\u00e4hrleistungsfall vorliegt, wenn das Produkt bei Gefahr\u00fcbergang die vereinbarte Beschaffenheit hatte. Ein Gew\u00e4hrleistungsfall liegt insbesondere in folgenden F\u00e4llen nicht vor:<\/p>\n<p><span style=\"color: #000000;\"><span style=\"font-family: Arial, serif;\"><span style=\"font-size: small;\"><br \/>a)<br \/>bei Sch\u00e4den, die beim Kunden durch Missbrauch oder unsachgem\u00e4\u00dfen Gebrauch entstanden sind,<br \/><\/span><\/span><\/span><\/p>\n<p><span style=\"color: #000000;\"><span style=\"font-family: Arial, serif;\"><span style=\"font-size: small;\"><br \/>b)<br \/>bei Sch\u00e4den, die dadurch entstanden sind, dass die Produkte beim Kunden sch\u00e4dlichen \u00e4u\u00dferen Einfl\u00fcssen ausgesetzt worden sind (insbesondere extremen Temperaturen, Feuchtigkeit, au\u00dfergew\u00f6hnlicher physikalischer oder elektrischer Beanspruchung, Spannungsschwankungen, Blitzschlag, statischer Elektrizit\u00e4t, Feuer).<br \/><\/span><\/span><\/span><\/p>\n<p>(2) <br \/>Psychologische Praxis Andreas B\u00fcche<br \/>leistet ferner keine Gew\u00e4hr f\u00fcr einen Fehler, der durch unsachgem\u00e4\u00dfe Reparatur durch einen nicht vom Hersteller autorisierten Servicepartner entstanden ist.<\/p>\n<p>(3) Erfordert die vom Kunden gew\u00fcnschte Art der Nacherf\u00fcllung (Ersatzlieferung oder Reparatur) einen Aufwand, der in Anbetracht des Produktpreises unter Beachtung des Vertragsinhaltes und der Gebote von Treu und Glauben in einem groben Missverh\u00e4ltnis zu dem Leistungsinteresse des Kunden steht \u2013 wobei insbesondere der Wert des Kaufgegenstandes im mangelfreien Zustand, die Bedeutung des Mangels und die Frage zu ber\u00fccksichtigen sind, ob auf die andere Art der Nacherf\u00fcllung ohne erhebliche Nachteile f\u00fcr den Kunden zur\u00fcckgegriffen werden kann \u2013 beschr\u00e4nkt sich der Anspruch des Kunden auf die jeweils andere Art der Nacherf\u00fcllung. Das Recht von <br \/>Psychologische Praxis Andreas B\u00fcche<br \/>, auch diese andere Art der Nacherf\u00fcllung unter der vorgenannten Voraussetzung zu verweigern, bleibt unber\u00fchrt.<\/p>\n<p>(4) Sowohl f\u00fcr den Fall der Reparatur als auch f\u00fcr den Fall der Ersatzlieferung ist der Kunde verpflichtet, das Produkt auf Kosten von <br \/>Psychologische Praxis Andreas B\u00fcche<br \/>unter Angabe der Auftragsnummer an die von ihr angegebene R\u00fccksendeadresse einzusenden. Vor der Einsendung hat der Kunde von ihm eingef\u00fcgte Gegenst\u00e4nde aus dem Produkt zu entfernen. <br \/>Psychologische Praxis Andreas B\u00fcche<br \/>ist nicht verpflichtet, das Produkt auf den Einbau solcher Gegenst\u00e4nde zu untersuchen. F\u00fcr den Verlust solcher Gegenst\u00e4nde haftet <br \/>Psychologische Praxis Andreas B\u00fcche<br \/>nicht, es sei denn, es war bei R\u00fccknahme des Produktes f\u00fcr <br \/>Psychologische Praxis Andreas B\u00fcche<br \/>ohne <br \/>Weiteres<br \/>erkennbar, dass ein solcher Gegenstand in das Produkt eingef\u00fcgt worden ist (in diesem Fall informiert <br \/>Psychologische Praxis Andreas B\u00fcche<br \/>den Kunden und h\u00e4lt den Gegenstand f\u00fcr den Kunden zur Abholung bereit; der Kunde tr\u00e4gt die dabei entstehenden Kosten). Der Kunde hat zudem, bevor er ein Produkt zur Reparatur oder zum Austausch einsendet, <br \/>gegebenenfalls separate Sicherungskopien der auf dem Produkt befindlichen Systemsoftware, der Anwendungen und aller Daten auf einem separaten Datentr\u00e4ger zu erstellen und alle Passw\u00f6rter zu deaktivieren. Eine Haftung f\u00fcr Datenverlust wird nicht \u00fcbernommen. Ebenso obliegt es dem Kunden, nachdem ihm das reparierte Produkt oder das Ersatzprodukt zur\u00fcckgesandt worden ist, die Software und Daten zu installieren und die Passw\u00f6rter zu reaktivieren.<\/p>\n<p>(5) Sendet der Kunde die Ware ein, um ein Austauschprodukt zu bekommen, richtet sich die R\u00fcckgew\u00e4hr des mangelhaften Produktes nach folgender Ma\u00dfgabe: Sofern der Kunde die Ware zwischen Lieferung und R\u00fccksendung in mangelfreiem Zustand benutzen konnte, hat dieser den Wert der von ihm gezogenen Nutzungen zu erstatten. F\u00fcr einen nicht durch den Mangel eingetretenen Untergang oder die weitere Verschlechterung der Ware sowie f\u00fcr die nicht durch den Mangel eingetretene Unm\u00f6glichkeit der Herausgabe der Ware im Zeitraum zwischen Lieferung der Ware und R\u00fccksendung der Ware hat der Kunde Wertersatz zu leisten. Der Kunde hat keinen Wertersatz f\u00fcr die durch den bestimmungsgem\u00e4\u00dfen Gebrauch der Ware entstandene Verschlechterung der Ware zu leisten. Die Pflicht zum Wertersatz entf\u00e4llt f\u00fcr die R\u00fccksendung eines mangelhaften Produktes im Gew\u00e4hrleistungsfall ferner,<\/p>\n<p><span style=\"color: #000000;\"><span style=\"font-family: Arial, serif;\"><span style=\"font-size: small;\"><br \/>a)<br \/>wenn sich der zum R\u00fccktritt berechtigende Mangel erst w\u00e4hrend der Verarbeitung oder Umgestaltung gezeigt hat,<br \/><\/span><\/span><\/span><\/p>\n<p><span style=\"color: #000000;\"><span style=\"font-family: Arial, serif;\"><span style=\"font-size: small;\"><br \/>b)<br \/>wenn <br \/>Psychologische Praxis Andreas B\u00fcche<br \/>die Verschlechterung oder den Untergang zu vertreten hat oder der Schaden auch bei <br \/>Psychologische Praxis Andreas B\u00fcche<br \/>eingetreten w\u00e4re,<br \/><\/span><\/span><\/span><\/p>\n<p><span style=\"color: #000000;\"><span style=\"font-family: Arial, serif;\"><span style=\"font-size: small;\"><br \/>c)<br \/>wenn die Verschlechterung oder der Untergang beim Kunden eingetreten ist, obwohl dieser diejenige Sorgfalt beachtet hat, die er in eigenen Angelegenheiten anzuwenden pflegt.<br \/><\/span><\/span><\/span><\/p>\n<p>(6) Die Schadensersatzpflicht des Kunden bei einer vom Kunden zu vertretenden Verletzung der R\u00fccksendungspflicht richtet sich nach Ma\u00dfgabe der gesetzlichen Bestimmungen.<\/p>\n<p>(7) Der Kunde kann nach seiner Wahl vom Vertrag zur\u00fccktreten oder den Kaufpreis mindern, wenn die Reparatur oder Ersatzlieferung innerhalb einer angemessenen Frist nicht zu einem vertragsgerechten Zustand des Produktes gef\u00fchrt hat.<\/p>\n<p>(8) Dar\u00fcber hinaus k\u00f6nnen auch Anspr\u00fcche gegen den Hersteller im Rahmen einer <br \/>von diesem einger\u00e4umten Garantie<br \/>bestehen, die sich nach den entsprechenden Garantiebedingungen richten.<\/p>\n<p>(9) Die gesetzliche Gew\u00e4hrleistung von <br \/>Psychologische Praxis Andreas B\u00fcche<br \/>endet zwei Jahre ab Lieferung der Ware. Die Frist beginnt mit dem Erhalt der Ware.<\/p>\n<p><b>Haftung<br \/><\/b><\/p>\n<p><b><br \/><\/b>(1) Bei leichter Fahrl\u00e4ssigkeit haftet <br \/>Psychologische Praxis Andreas B\u00fcche<br \/>nur bei der Verletzung vertragswesentlicher Pflichten und beschr\u00e4nkt auf den vorhersehbaren Schaden. Diese Beschr\u00e4nkung gilt nicht bei der Verletzung von Leben, K\u00f6rper und Gesundheit. F\u00fcr sonstige leicht fahrl\u00e4ssig durch einen Mangel des Kaufgegenstandes verursachte Sch\u00e4den haftet <br \/>Psychologische Praxis Andreas B\u00fcche<br \/>nicht.<\/p>\n<p>(2) Unabh\u00e4ngig von einem Verschulden von <br \/>Psychologische Praxis Andreas B\u00fcche<br \/>bleibt eine Haftung von <br \/>Psychologische Praxis Andreas B\u00fcche<br \/>bei arglistigem Verschweigen des Mangels oder aus der \u00dcbernahme einer Garantie unber\u00fchrt. Die Herstellergarantie ist eine Garantie des Herstellers und stellt keine \u00dcbernahme einer Garantie durch <br \/>Psychologische Praxis Andreas B\u00fcche<br \/>dar.<\/p>\n<p>(3) <br \/>Psychologische Praxis Andreas B\u00fcche<br \/>ist auch f\u00fcr die w\u00e4hrend ihres Verzugs durch Zufall eintretende Unm\u00f6glichkeit der Lieferung verantwortlich, es sei denn, dass der Schaden auch bei rechtzeitiger Lieferung eingetreten w\u00e4re.<\/p>\n<p>(4) Ausgeschlossen ist die pers\u00f6nliche Haftung der gesetzlichen Vertreter, Erf\u00fcllungsgehilfen und Betriebsangeh\u00f6rigen von <br \/>Psychologische Praxis Andreas B\u00fcche<br \/>f\u00fcr von ihnen durch leichte Fahrl\u00e4ssigkeit verursachte Sch\u00e4den.<\/p>\n<p><b>Anwendbares Recht<br \/><\/b><\/p>\n<p><b><br \/><\/b>Der zwischen Ihnen und <br \/>Psychologische Praxis Andreas B\u00fcche<br \/>abgeschlossene Vertrag unterliegt <br \/>ausschlie\u00dflich dem Recht der Bundesrepublik Deutschland unter ausdr\u00fccklichem Ausschluss des UN-Kaufrechts. Unber\u00fchrt davon bleiben die zwingenden Bestimmungen des Staates, in dem Sie Ihren gew\u00f6hnlichen Aufenthalt haben.<\/p>\n<p><b>Gerichtsstand<br \/><\/b><\/p>\n<p><b><br \/><\/b>Sofern Sie entgegen Ihren Angaben bei der Bestellung keinen Wohnsitz in der Bundesrepublik Deutschland haben oder nach Vertragsabschluss Ihren Wohnsitz ins Ausland verlegen oder Ihr <br \/>Wohnsitz zum Zeitpunkt der Klageerhebung nicht bekannt ist, ist Gerichtsstand f\u00fcr alle Streitigkeiten aus und im Zusammenhang mit dem Vertragsverh\u00e4ltnis [<br \/>Sitz des Betreibers des Online-Shops<br \/>].<\/p>\n<p><b>Streitbeilegung<br \/><\/b><\/p>\n<p><b><br \/><\/b>Allgemeine Informationspflichten zur alternativen Streitbeilegung nach Art. 14 Abs. 1 ODR-VO und \u00a7 36 VSBG (Verbraucherstreitbeilegungsgesetz):<\/p>\n<p align=\"JUSTIFY\">Die europ\u00e4ische Kommission stellt eine Plattform zur Online-Streitbelegung (OS) zur Verf\u00fcgung, die Sie unter dieser Adresse finden: <br \/><a href=\"http:\/\/ec.europa.eu\/consumers\/odr\/\">http:\/\/ec.europa.eu\/consumers\/odr\/<br \/><\/a> . Zur Teilnahme an einem Streitbeilegungsverfahren vor einer Verbraucherschlichtungsstelle sind wir nicht verpflichtet und auch nicht bereit.<\/p>\n<p><b>Schlussbestimmungen<br \/><\/b><\/p>\n<p><b><br \/><\/b>(1) Sollten einzelne Bestimmungen dieses Vertrages ganz oder teilweise unwirksam oder nichtig sein oder werden, so wird dadurch die Wirksamkeit des Vertrages im \u00dcbrigen nicht ber\u00fchrt, insoweit ein Vertragspartner hierdurch nicht unangemessen benachteiligt wird.<\/p>\n<p>(2) \u00c4nderungen oder Erg\u00e4nzungen dieses Vertrages bed\u00fcrfen der Schriftform.<\/p>\n<\/div>\n<\/div>\n<\/div>\n<\/div>\n<\/div><\/div><style type=\"text\/css\">.fusion-body .fusion-builder-column-0{width:100% !important;margin-top : 0px;margin-bottom : 20px;}.fusion-builder-column-0 > .fusion-column-wrapper {padding-top : 0px !important;padding-right : 0px !important;margin-right : 1.92%;padding-bottom : 0px !important;padding-left : 0px !important;margin-left : 1.92%;}@media only screen and (max-width:1024px) {.fusion-body .fusion-builder-column-0{width:100% !important;order : 0;}.fusion-builder-column-0 > .fusion-column-wrapper {margin-right : 1.92%;margin-left : 1.92%;}}@media only screen and (max-width:641px) {.fusion-body .fusion-builder-column-0{width:100% !important;order : 0;}.fusion-builder-column-0 > .fusion-column-wrapper {margin-right : 1.92%;margin-left : 1.92%;}}<\/style><\/div><\/div><style type=\"text\/css\">.fusion-body .fusion-flex-container.fusion-builder-row-1{ padding-top : 0px;margin-top : 0px;padding-right : 0px;padding-bottom : 0px;margin-bottom : 0px;padding-left : 0px;}<\/style><\/div>\n","protected":false},"excerpt":{"rendered":"","protected":false},"author":2,"featured_media":0,"parent":0,"menu_order":0,"comment_status":"closed","ping_status":"closed","template":"","meta":{"footnotes":""},"class_list":["post-2266","page","type-page","status-publish","hentry"],"_links":{"self":[{"href":"https:\/\/psychologischepraxis-andreasbueche.de\/en\/wp-json\/wp\/v2\/pages\/2266","targetHints":{"allow":["GET"]}}],"collection":[{"href":"https:\/\/psychologischepraxis-andreasbueche.de\/en\/wp-json\/wp\/v2\/pages"}],"about":[{"href":"https:\/\/psychologischepraxis-andreasbueche.de\/en\/wp-json\/wp\/v2\/types\/page"}],"author":[{"embeddable":true,"href":"https:\/\/psychologischepraxis-andreasbueche.de\/en\/wp-json\/wp\/v2\/users\/2"}],"replies":[{"embeddable":true,"href":"https:\/\/psychologischepraxis-andreasbueche.de\/en\/wp-json\/wp\/v2\/comments?post=2266"}],"version-history":[{"count":1,"href":"https:\/\/psychologischepraxis-andreasbueche.de\/en\/wp-json\/wp\/v2\/pages\/2266\/revisions"}],"predecessor-version":[{"id":2267,"href":"https:\/\/psychologischepraxis-andreasbueche.de\/en\/wp-json\/wp\/v2\/pages\/2266\/revisions\/2267"}],"wp:attachment":[{"href":"https:\/\/psychologischepraxis-andreasbueche.de\/en\/wp-json\/wp\/v2\/media?parent=2266"}],"curies":[{"name":"wp","href":"https:\/\/api.w.org\/{rel}","templated":true}]}}